{"id":431,"date":"2022-02-22T13:58:14","date_gmt":"2022-02-22T13:58:14","guid":{"rendered":"https:\/\/blog.sasfly.net\/?page_id=431"},"modified":"2023-05-10T15:34:05","modified_gmt":"2023-05-10T15:34:05","slug":"szerver-it-biztonsag","status":"publish","type":"page","link":"https:\/\/blog.sasfly.net\/index.php\/szerver-it-biztonsag\/","title":{"rendered":"Szerver &#8211; IT Biztons\u00e1g"},"content":{"rendered":"\t\t<div data-elementor-type=\"wp-page\" data-elementor-id=\"431\" class=\"elementor elementor-431\">\n\t\t\t\t\t\t<section class=\"elementor-section elementor-top-section elementor-element elementor-element-684de14 elementor-section-boxed elementor-section-height-default elementor-section-height-default\" data-id=\"684de14\" data-element_type=\"section\" data-e-type=\"section\">\n\t\t\t\t\t\t<div class=\"elementor-container elementor-column-gap-default\">\n\t\t\t\t\t<div class=\"elementor-column elementor-col-100 elementor-top-column elementor-element elementor-element-f4d89d2\" data-id=\"f4d89d2\" data-element_type=\"column\" data-e-type=\"column\">\n\t\t\t<div class=\"elementor-widget-wrap elementor-element-populated\">\n\t\t\t\t\t\t<div class=\"elementor-element elementor-element-58edfcd elementor-widget elementor-widget-heading\" data-id=\"58edfcd\" data-element_type=\"widget\" data-e-type=\"widget\" data-widget_type=\"heading.default\">\n\t\t\t\t<div class=\"elementor-widget-container\">\n\t\t\t\t\t<h2 class=\"elementor-heading-title elementor-size-default\">Szerver - IT Biztons\u00e1g cikkek<\/h2>\t\t\t\t<\/div>\n\t\t\t\t<\/div>\n\t\t\t\t<div class=\"elementor-element elementor-element-f45bfed elementor-widget elementor-widget-shortcode\" data-id=\"f45bfed\" data-element_type=\"widget\" data-e-type=\"widget\" data-widget_type=\"shortcode.default\">\n\t\t\t\t<div class=\"elementor-widget-container\">\n\t\t\t\t\t\t\t<div class=\"elementor-shortcode\"><style>.wp-show-posts-columns#wpsp-427 {margin-left: -2em; }.wp-show-posts-columns#wpsp-427 .wp-show-posts-inner {margin: 0 0 2em 2em; }<\/style><section id=\"wpsp-427\" class=\" wp-show-posts-columns wp-show-posts\" style=\"\"><article class=\" wp-show-posts-single post-348 post type-post status-publish format-standard has-post-thumbnail hentry category-szerver-it-biztonsag wpsp-col-6\" itemtype=\"http:\/\/schema.org\/CreativeWork\" itemscope><div class=\"wp-show-posts-inner\" style=\"\">\t\t\t\t\t\t<header class=\"wp-show-posts-entry-header\">\n\t\t\t\t\t\t\t<h2 class=\"wp-show-posts-entry-title\" itemprop=\"headline\"><a href=\"https:\/\/blog.sasfly.net\/index.php\/2022\/02\/17\/harmas-strategia-amivel-kivedheti-a-zsarolovirus-tamadasokat\/\" rel=\"bookmark\">H\u00e1rmas strat\u00e9gia, amivel kiv\u00e9dheti a zsarol\u00f3v\u00edrus-t\u00e1mad\u00e1sokat<\/a><\/h2><div class=\"wp-show-posts-entry-meta wp-show-posts-entry-meta-below-title post-meta-inline\"><span class=\"wp-show-posts-posted-on wp-show-posts-meta\">\n\t\t\t\t\t<a href=\"https:\/\/blog.sasfly.net\/index.php\/2022\/02\/17\/harmas-strategia-amivel-kivedheti-a-zsarolovirus-tamadasokat\/\" title=\"15:20\" rel=\"bookmark\"><time class=\"wp-show-posts-entry-date published\" datetime=\"2022-02-17T15:20:01+00:00\" itemprop=\"datePublished\">2022.02.17.<\/time><time class=\"wp-show-posts-updated\" datetime=\"2023-05-10T17:55:05+00:00\" itemprop=\"dateModified\">2023.05.10.<\/time><\/a>\n\t\t\t\t<\/span><\/div>\t\t\t\t\t\t<\/header><!-- .entry-header -->\n\t\t\t\t\t\t\t<div class=\"wp-show-posts-image  wpsp-image-center \">\n\t\t\t<a href=\"https:\/\/blog.sasfly.net\/index.php\/2022\/02\/17\/harmas-strategia-amivel-kivedheti-a-zsarolovirus-tamadasokat\/\"  title=\"H\u00e1rmas strat\u00e9gia, amivel kiv\u00e9dheti a zsarol\u00f3v\u00edrus-t\u00e1mad\u00e1sokat\"><img fetchpriority=\"high\" decoding=\"async\" width=\"710\" height=\"400\" src=\"https:\/\/blog.sasfly.net\/wp-content\/uploads\/2022\/02\/kaspersky-ransomware.jpg\" class=\"attachment-full size-full wp-post-image\" alt=\"\" itemprop=\"image\" srcset=\"https:\/\/blog.sasfly.net\/wp-content\/uploads\/2022\/02\/kaspersky-ransomware.jpg 710w, https:\/\/blog.sasfly.net\/wp-content\/uploads\/2022\/02\/kaspersky-ransomware-300x169.jpg 300w\" sizes=\"(max-width: 710px) 100vw, 710px\" title=\"\"><\/a>\t\t<\/div>\n\t\t\t\t\t\t\t\t<div class=\"wp-show-posts-entry-summary\" itemprop=\"text\">\n\t\t\t\t\t\t\t<p>A zsarol\u00f3v\u00edrusok nagy k\u00e1rt tudnak okozni a v\u00e1llalatok \u00e9let\u00e9ben, ha valahogy bejutnak a bels\u0151 rendszer\u00fckben. A Veeam a bejegyz\u00e9s\u00e9ben bemutat 3 strat\u00e9gi\u00e1t, amivel sikeresen v\u00e9dekezhet a zsarol\u00f3v\u00edrusokkal szemben. Ha k\u00edv\u00e1ncsi&#8230;<\/p>\n\t\t\t\t\t\t<\/div><!-- .entry-summary -->\n\t\t\t\t\t<\/div><!-- wp-show-posts-inner --><\/article><article class=\" wp-show-posts-single post-342 post type-post status-publish format-standard has-post-thumbnail hentry category-szerver-it-biztonsag wpsp-col-6\" itemtype=\"http:\/\/schema.org\/CreativeWork\" itemscope><div class=\"wp-show-posts-inner\" style=\"\">\t\t\t\t\t\t<header class=\"wp-show-posts-entry-header\">\n\t\t\t\t\t\t\t<h2 class=\"wp-show-posts-entry-title\" itemprop=\"headline\"><a href=\"https:\/\/blog.sasfly.net\/index.php\/2022\/02\/17\/igy-valasszon-biztonsagi-mentesi-megoldast-2021-ben\/\" rel=\"bookmark\">\u00cdgy v\u00e1lasszon biztons\u00e1gi ment\u00e9si megold\u00e1st 2021-ben<\/a><\/h2><div class=\"wp-show-posts-entry-meta wp-show-posts-entry-meta-below-title post-meta-inline\"><span class=\"wp-show-posts-posted-on wp-show-posts-meta\">\n\t\t\t\t\t<a href=\"https:\/\/blog.sasfly.net\/index.php\/2022\/02\/17\/igy-valasszon-biztonsagi-mentesi-megoldast-2021-ben\/\" title=\"15:17\" rel=\"bookmark\"><time class=\"wp-show-posts-entry-date published\" datetime=\"2022-02-17T15:17:13+00:00\" itemprop=\"datePublished\">2022.02.17.<\/time><time class=\"wp-show-posts-updated\" datetime=\"2023-05-11T06:22:20+00:00\" itemprop=\"dateModified\">2023.05.11.<\/time><\/a>\n\t\t\t\t<\/span><\/div>\t\t\t\t\t\t<\/header><!-- .entry-header -->\n\t\t\t\t\t\t\t<div class=\"wp-show-posts-image  wpsp-image-center \">\n\t\t\t<a href=\"https:\/\/blog.sasfly.net\/index.php\/2022\/02\/17\/igy-valasszon-biztonsagi-mentesi-megoldast-2021-ben\/\"  title=\"\u00cdgy v\u00e1lasszon biztons\u00e1gi ment\u00e9si megold\u00e1st 2021-ben\"><img decoding=\"async\" width=\"2560\" height=\"1920\" src=\"https:\/\/blog.sasfly.net\/wp-content\/uploads\/2022\/02\/pexels-pixabay-163165-scaled.jpg\" class=\"attachment-full size-full wp-post-image\" alt=\"\" itemprop=\"image\" srcset=\"https:\/\/blog.sasfly.net\/wp-content\/uploads\/2022\/02\/pexels-pixabay-163165-scaled.jpg 2560w, https:\/\/blog.sasfly.net\/wp-content\/uploads\/2022\/02\/pexels-pixabay-163165-300x225.jpg 300w, https:\/\/blog.sasfly.net\/wp-content\/uploads\/2022\/02\/pexels-pixabay-163165-1024x768.jpg 1024w, https:\/\/blog.sasfly.net\/wp-content\/uploads\/2022\/02\/pexels-pixabay-163165-768x576.jpg 768w, https:\/\/blog.sasfly.net\/wp-content\/uploads\/2022\/02\/pexels-pixabay-163165-1536x1152.jpg 1536w, https:\/\/blog.sasfly.net\/wp-content\/uploads\/2022\/02\/pexels-pixabay-163165-2048x1536.jpg 2048w\" sizes=\"(max-width: 2560px) 100vw, 2560px\" title=\"\"><\/a>\t\t<\/div>\n\t\t\t\t\t\t\t\t<div class=\"wp-show-posts-entry-summary\" itemprop=\"text\">\n\t\t\t\t\t\t\t<p>Szeretn\u00e9 biztons\u00e1gban tudni v\u00e1llalkoz\u00e1sa fontos adatait? A Veeam ebben a bejegyz\u00e9s\u00e9ben bemutatja, hogy pontosan milyen szempontok alapj\u00e1n \u00e9rdemes kiv\u00e1lasztani egy rendszert. Ha k\u00edv\u00e1ncsi a teljes bejegyz\u00e9sre, akkor kattintson a lentebb&#8230;<\/p>\n\t\t\t\t\t\t<\/div><!-- .entry-summary -->\n\t\t\t\t\t<\/div><!-- wp-show-posts-inner --><\/article><article class=\" wp-show-posts-single post-336 post type-post status-publish format-standard has-post-thumbnail hentry category-szerver-it-biztonsag wpsp-col-6\" itemtype=\"http:\/\/schema.org\/CreativeWork\" itemscope><div class=\"wp-show-posts-inner\" style=\"\">\t\t\t\t\t\t<header class=\"wp-show-posts-entry-header\">\n\t\t\t\t\t\t\t<h2 class=\"wp-show-posts-entry-title\" itemprop=\"headline\"><a href=\"https:\/\/blog.sasfly.net\/index.php\/2022\/02\/17\/5-ok-amiert-erdemes-megfontolnia-elavult-biztonsagi-mentesi-rendszere-levaltasat\/\" rel=\"bookmark\">5 ok ami\u00e9rt \u00e9rdemes megfontolnia elavult biztons\u00e1gi ment\u00e9si rendszere lev\u00e1lt\u00e1s\u00e1t<\/a><\/h2><div class=\"wp-show-posts-entry-meta wp-show-posts-entry-meta-below-title post-meta-inline\"><span class=\"wp-show-posts-posted-on wp-show-posts-meta\">\n\t\t\t\t\t<a href=\"https:\/\/blog.sasfly.net\/index.php\/2022\/02\/17\/5-ok-amiert-erdemes-megfontolnia-elavult-biztonsagi-mentesi-rendszere-levaltasat\/\" title=\"15:14\" rel=\"bookmark\"><time class=\"wp-show-posts-entry-date published\" datetime=\"2022-02-17T15:14:44+00:00\" itemprop=\"datePublished\">2022.02.17.<\/time><time class=\"wp-show-posts-updated\" datetime=\"2023-05-11T06:32:11+00:00\" itemprop=\"dateModified\">2023.05.11.<\/time><\/a>\n\t\t\t\t<\/span><\/div>\t\t\t\t\t\t<\/header><!-- .entry-header -->\n\t\t\t\t\t\t\t<div class=\"wp-show-posts-image  wpsp-image-center \">\n\t\t\t<a href=\"https:\/\/blog.sasfly.net\/index.php\/2022\/02\/17\/5-ok-amiert-erdemes-megfontolnia-elavult-biztonsagi-mentesi-rendszere-levaltasat\/\"  title=\"5 ok ami\u00e9rt \u00e9rdemes megfontolnia elavult biztons\u00e1gi ment\u00e9si rendszere lev\u00e1lt\u00e1s\u00e1t\"><img decoding=\"async\" width=\"2560\" height=\"1708\" src=\"https:\/\/blog.sasfly.net\/wp-content\/uploads\/2022\/02\/pexels-s-migaj-7511581-scaled.jpg\" class=\"attachment-full size-full wp-post-image\" alt=\"\" itemprop=\"image\" srcset=\"https:\/\/blog.sasfly.net\/wp-content\/uploads\/2022\/02\/pexels-s-migaj-7511581-scaled.jpg 2560w, https:\/\/blog.sasfly.net\/wp-content\/uploads\/2022\/02\/pexels-s-migaj-7511581-300x200.jpg 300w, https:\/\/blog.sasfly.net\/wp-content\/uploads\/2022\/02\/pexels-s-migaj-7511581-1024x683.jpg 1024w, https:\/\/blog.sasfly.net\/wp-content\/uploads\/2022\/02\/pexels-s-migaj-7511581-768x512.jpg 768w, https:\/\/blog.sasfly.net\/wp-content\/uploads\/2022\/02\/pexels-s-migaj-7511581-1536x1025.jpg 1536w, https:\/\/blog.sasfly.net\/wp-content\/uploads\/2022\/02\/pexels-s-migaj-7511581-2048x1366.jpg 2048w\" sizes=\"(max-width: 2560px) 100vw, 2560px\" title=\"\"><\/a>\t\t<\/div>\n\t\t\t\t\t\t\t\t<div class=\"wp-show-posts-entry-summary\" itemprop=\"text\">\n\t\t\t\t\t\t\t<p>Az elavult biztons\u00e1gi ment\u00e9s rendszerek nagy vesz\u00e9lyt jelenthetnek egy v\u00e1llalkoz\u00e1s fontos adataira vonatkoz\u00f3an, hiszen egy elavult rendszerben b\u00e1rmikor hib\u00e1k l\u00e9phetnek fel, \u00e9s a mentek adatok probl\u00e9ma eset\u00e9n nem lehetnek vissza\u00e1ll\u00edthat\u00f3k&#8230;.<\/p>\n\t\t\t\t\t\t<\/div><!-- .entry-summary -->\n\t\t\t\t\t<\/div><!-- wp-show-posts-inner --><\/article><article class=\" wp-show-posts-single post-310 post type-post status-publish format-standard has-post-thumbnail hentry category-szerver-it-biztonsag wpsp-col-6\" itemtype=\"http:\/\/schema.org\/CreativeWork\" itemscope><div class=\"wp-show-posts-inner\" style=\"\">\t\t\t\t\t\t<header class=\"wp-show-posts-entry-header\">\n\t\t\t\t\t\t\t<h2 class=\"wp-show-posts-entry-title\" itemprop=\"headline\"><a href=\"https:\/\/blog.sasfly.net\/index.php\/2022\/02\/17\/igy-keszitsen-microsoft-teams-mentest-a-veeam-segitsegevel\/\" rel=\"bookmark\">\u00cdgy k\u00e9sz\u00edtsen Microsoft Teams ment\u00e9st a Veeam seg\u00edts\u00e9g\u00e9vel<\/a><\/h2><div class=\"wp-show-posts-entry-meta wp-show-posts-entry-meta-below-title post-meta-inline\"><span class=\"wp-show-posts-posted-on wp-show-posts-meta\">\n\t\t\t\t\t<a href=\"https:\/\/blog.sasfly.net\/index.php\/2022\/02\/17\/igy-keszitsen-microsoft-teams-mentest-a-veeam-segitsegevel\/\" title=\"15:01\" rel=\"bookmark\"><time class=\"wp-show-posts-entry-date published\" datetime=\"2022-02-17T15:01:46+00:00\" itemprop=\"datePublished\">2022.02.17.<\/time><time class=\"wp-show-posts-updated\" datetime=\"2023-05-11T09:45:40+00:00\" itemprop=\"dateModified\">2023.05.11.<\/time><\/a>\n\t\t\t\t<\/span><\/div>\t\t\t\t\t\t<\/header><!-- .entry-header -->\n\t\t\t\t\t\t\t<div class=\"wp-show-posts-image  wpsp-image-center \">\n\t\t\t<a href=\"https:\/\/blog.sasfly.net\/index.php\/2022\/02\/17\/igy-keszitsen-microsoft-teams-mentest-a-veeam-segitsegevel\/\"  title=\"\u00cdgy k\u00e9sz\u00edtsen Microsoft Teams ment\u00e9st a Veeam seg\u00edts\u00e9g\u00e9vel\"><img loading=\"lazy\" decoding=\"async\" width=\"1200\" height=\"675\" src=\"https:\/\/blog.sasfly.net\/wp-content\/uploads\/2022\/02\/wnRPihURFvhSWcAqxEY4i8-1200-80.jpg\" class=\"attachment-full size-full wp-post-image\" alt=\"\" itemprop=\"image\" srcset=\"https:\/\/blog.sasfly.net\/wp-content\/uploads\/2022\/02\/wnRPihURFvhSWcAqxEY4i8-1200-80.jpg 1200w, https:\/\/blog.sasfly.net\/wp-content\/uploads\/2022\/02\/wnRPihURFvhSWcAqxEY4i8-1200-80-300x169.jpg 300w, https:\/\/blog.sasfly.net\/wp-content\/uploads\/2022\/02\/wnRPihURFvhSWcAqxEY4i8-1200-80-1024x576.jpg 1024w, https:\/\/blog.sasfly.net\/wp-content\/uploads\/2022\/02\/wnRPihURFvhSWcAqxEY4i8-1200-80-768x432.jpg 768w\" sizes=\"(max-width: 1200px) 100vw, 1200px\" title=\"\"><\/a>\t\t<\/div>\n\t\t\t\t\t\t\t\t<div class=\"wp-show-posts-entry-summary\" itemprop=\"text\">\n\t\t\t\t\t\t\t<p>Szeretne Microsoft Teams ment\u00e9st k\u00e9sz\u00edteni? Akkor erre az egyik legjobb az eszk\u00f6z a Veeam. Kattintson r\u00e1 a gombra, \u00e9s olvassa el a Veeam weboldal\u00e1n tal\u00e1lhat\u00f3 bejegyz\u00e9st, hogy hogyan v\u00e9gezheti el&#8230;<\/p>\n\t\t\t\t\t\t<\/div><!-- .entry-summary -->\n\t\t\t\t\t<\/div><!-- wp-show-posts-inner --><\/article><article class=\" wp-show-posts-single post-289 post type-post status-publish format-standard has-post-thumbnail hentry category-szerver-it-biztonsag wpsp-col-6\" itemtype=\"http:\/\/schema.org\/CreativeWork\" itemscope><div class=\"wp-show-posts-inner\" style=\"\">\t\t\t\t\t\t<header class=\"wp-show-posts-entry-header\">\n\t\t\t\t\t\t\t<h2 class=\"wp-show-posts-entry-title\" itemprop=\"headline\"><a href=\"https:\/\/blog.sasfly.net\/index.php\/2022\/02\/17\/miert-erdemes-onedrive-biztonsagi-mentest-hasznalni\/\" rel=\"bookmark\">Mi\u00e9rt \u00e9rdemes OneDrive biztons\u00e1gi ment\u00e9st haszn\u00e1lni<\/a><\/h2><div class=\"wp-show-posts-entry-meta wp-show-posts-entry-meta-below-title post-meta-inline\"><span class=\"wp-show-posts-posted-on wp-show-posts-meta\">\n\t\t\t\t\t<a href=\"https:\/\/blog.sasfly.net\/index.php\/2022\/02\/17\/miert-erdemes-onedrive-biztonsagi-mentest-hasznalni\/\" title=\"14:55\" rel=\"bookmark\"><time class=\"wp-show-posts-entry-date published\" datetime=\"2022-02-17T14:55:53+00:00\" itemprop=\"datePublished\">2022.02.17.<\/time><time class=\"wp-show-posts-updated\" datetime=\"2023-05-11T09:47:08+00:00\" itemprop=\"dateModified\">2023.05.11.<\/time><\/a>\n\t\t\t\t<\/span><\/div>\t\t\t\t\t\t<\/header><!-- .entry-header -->\n\t\t\t\t\t\t\t<div class=\"wp-show-posts-image  wpsp-image-center \">\n\t\t\t<a href=\"https:\/\/blog.sasfly.net\/index.php\/2022\/02\/17\/miert-erdemes-onedrive-biztonsagi-mentest-hasznalni\/\"  title=\"Mi\u00e9rt \u00e9rdemes OneDrive biztons\u00e1gi ment\u00e9st haszn\u00e1lni\"><img loading=\"lazy\" decoding=\"async\" width=\"800\" height=\"600\" src=\"https:\/\/blog.sasfly.net\/wp-content\/uploads\/2022\/02\/microsoft-one-drive-logo.png\" class=\"attachment-full size-full wp-post-image\" alt=\"\" itemprop=\"image\" srcset=\"https:\/\/blog.sasfly.net\/wp-content\/uploads\/2022\/02\/microsoft-one-drive-logo.png 800w, https:\/\/blog.sasfly.net\/wp-content\/uploads\/2022\/02\/microsoft-one-drive-logo-300x225.png 300w, https:\/\/blog.sasfly.net\/wp-content\/uploads\/2022\/02\/microsoft-one-drive-logo-768x576.png 768w\" sizes=\"(max-width: 800px) 100vw, 800px\" title=\"\"><\/a>\t\t<\/div>\n\t\t\t\t\t\t\t\t<div class=\"wp-show-posts-entry-summary\" itemprop=\"text\">\n\t\t\t\t\t\t\t<p>Ha k\u00edv\u00e1ncsi arra, hogy mi\u00e9rt \u00e9rdemes OneDrive biztons\u00e1gi ment\u00e9st haszn\u00e1lnia adatai ment\u00e9s\u00e9re, akkor kattintson r\u00e1 a lentebb tal\u00e1lhat\u00f3 gombra, \u00e9s olvassa el a tejleses bejegyz\u00e9st a Veeam honlapj\u00e1n. Elolvasom a&#8230;<\/p>\n\t\t\t\t\t\t<\/div><!-- .entry-summary -->\n\t\t\t\t\t<\/div><!-- wp-show-posts-inner --><\/article><article class=\" wp-show-posts-single post-274 post type-post status-publish format-standard has-post-thumbnail hentry category-szerver-it-biztonsag wpsp-col-6\" itemtype=\"http:\/\/schema.org\/CreativeWork\" itemscope><div class=\"wp-show-posts-inner\" style=\"\">\t\t\t\t\t\t<header class=\"wp-show-posts-entry-header\">\n\t\t\t\t\t\t\t<h2 class=\"wp-show-posts-entry-title\" itemprop=\"headline\"><a href=\"https:\/\/blog.sasfly.net\/index.php\/2022\/02\/17\/backup-konszolidacio\/\" rel=\"bookmark\">Backup konszolid\u00e1ci\u00f3<\/a><\/h2><div class=\"wp-show-posts-entry-meta wp-show-posts-entry-meta-below-title post-meta-inline\"><span class=\"wp-show-posts-posted-on wp-show-posts-meta\">\n\t\t\t\t\t<a href=\"https:\/\/blog.sasfly.net\/index.php\/2022\/02\/17\/backup-konszolidacio\/\" title=\"14:38\" rel=\"bookmark\"><time class=\"wp-show-posts-entry-date published\" datetime=\"2022-02-17T14:38:28+00:00\" itemprop=\"datePublished\">2022.02.17.<\/time><time class=\"wp-show-posts-updated\" datetime=\"2023-05-10T17:49:44+00:00\" itemprop=\"dateModified\">2023.05.10.<\/time><\/a>\n\t\t\t\t<\/span><\/div>\t\t\t\t\t\t<\/header><!-- .entry-header -->\n\t\t\t\t\t\t\t<div class=\"wp-show-posts-image  wpsp-image-center \">\n\t\t\t<a href=\"https:\/\/blog.sasfly.net\/index.php\/2022\/02\/17\/backup-konszolidacio\/\"  title=\"Backup konszolid\u00e1ci\u00f3\"><img loading=\"lazy\" decoding=\"async\" width=\"2560\" height=\"1707\" src=\"https:\/\/blog.sasfly.net\/wp-content\/uploads\/2022\/02\/pexels-sergei-starostin-6429140-scaled.jpg\" class=\"attachment-full size-full wp-post-image\" alt=\"\" itemprop=\"image\" srcset=\"https:\/\/blog.sasfly.net\/wp-content\/uploads\/2022\/02\/pexels-sergei-starostin-6429140-scaled.jpg 2560w, https:\/\/blog.sasfly.net\/wp-content\/uploads\/2022\/02\/pexels-sergei-starostin-6429140-300x200.jpg 300w, https:\/\/blog.sasfly.net\/wp-content\/uploads\/2022\/02\/pexels-sergei-starostin-6429140-1024x683.jpg 1024w, https:\/\/blog.sasfly.net\/wp-content\/uploads\/2022\/02\/pexels-sergei-starostin-6429140-768x512.jpg 768w, https:\/\/blog.sasfly.net\/wp-content\/uploads\/2022\/02\/pexels-sergei-starostin-6429140-1536x1024.jpg 1536w, https:\/\/blog.sasfly.net\/wp-content\/uploads\/2022\/02\/pexels-sergei-starostin-6429140-2048x1365.jpg 2048w\" sizes=\"(max-width: 2560px) 100vw, 2560px\" title=\"\"><\/a>\t\t<\/div>\n\t\t\t\t\t\t\t\t<div class=\"wp-show-posts-entry-summary\" itemprop=\"text\">\n\t\t\t\t\t\t\t<p>A hagyom\u00e1nyos k\u00f6zponti ment\u00e9si megold\u00e1sokn\u00e1l az adatok egy k\u00f6zponti automatiz\u00e1lt ment\u00e9si egys\u00e9gen ker\u00fclnek ment\u00e9sre, amely k\u00e9pes a kazett\u00e1k automatikus cser\u00e9j\u00e9re \u00e9s vonalk\u00f3dos azonos\u00edt\u00e1s\u00e1ra. Megfelel\u00f5 be\u00e1ll\u00edt\u00e1s eset\u00e9n a ment\u00e9sek szinte emberi&#8230;<\/p>\n\t\t\t\t\t\t<\/div><!-- .entry-summary -->\n\t\t\t\t\t<\/div><!-- wp-show-posts-inner --><\/article><article class=\" wp-show-posts-single post-67 post type-post status-publish format-standard has-post-thumbnail hentry category-szerver-it-biztonsag tag-adatok tag-biztonsag tag-internet tag-vedelem wpsp-col-6\" itemtype=\"http:\/\/schema.org\/CreativeWork\" itemscope><div class=\"wp-show-posts-inner\" style=\"\">\t\t\t\t\t\t<header class=\"wp-show-posts-entry-header\">\n\t\t\t\t\t\t\t<h2 class=\"wp-show-posts-entry-title\" itemprop=\"headline\"><a href=\"https:\/\/blog.sasfly.net\/index.php\/2021\/08\/29\/adataink-vedelme-es-az-internet\/\" rel=\"bookmark\">Adataink v\u00e9delme \u00e9s az internet<\/a><\/h2><div class=\"wp-show-posts-entry-meta wp-show-posts-entry-meta-below-title post-meta-inline\"><span class=\"wp-show-posts-posted-on wp-show-posts-meta\">\n\t\t\t\t\t<a href=\"https:\/\/blog.sasfly.net\/index.php\/2021\/08\/29\/adataink-vedelme-es-az-internet\/\" title=\"21:32\" rel=\"bookmark\"><time class=\"wp-show-posts-entry-date published\" datetime=\"2021-08-29T21:32:55+00:00\" itemprop=\"datePublished\">2021.08.29.<\/time><time class=\"wp-show-posts-updated\" datetime=\"2023-06-11T12:43:37+00:00\" itemprop=\"dateModified\">2023.06.11.<\/time><\/a>\n\t\t\t\t<\/span><\/div>\t\t\t\t\t\t<\/header><!-- .entry-header -->\n\t\t\t\t\t\t\t<div class=\"wp-show-posts-image  wpsp-image-center \">\n\t\t\t<a href=\"https:\/\/blog.sasfly.net\/index.php\/2021\/08\/29\/adataink-vedelme-es-az-internet\/\"  title=\"Adataink v\u00e9delme \u00e9s az internet\"><img loading=\"lazy\" decoding=\"async\" width=\"1386\" height=\"584\" src=\"https:\/\/blog.sasfly.net\/wp-content\/uploads\/2021\/08\/david1_1.jpg\" class=\"attachment-full size-full wp-post-image\" alt=\"\" itemprop=\"image\" srcset=\"https:\/\/blog.sasfly.net\/wp-content\/uploads\/2021\/08\/david1_1.jpg 1386w, https:\/\/blog.sasfly.net\/wp-content\/uploads\/2021\/08\/david1_1-300x126.jpg 300w, https:\/\/blog.sasfly.net\/wp-content\/uploads\/2021\/08\/david1_1-1024x431.jpg 1024w, https:\/\/blog.sasfly.net\/wp-content\/uploads\/2021\/08\/david1_1-768x324.jpg 768w, https:\/\/blog.sasfly.net\/wp-content\/uploads\/2021\/08\/david1_1-142x60.jpg 142w\" sizes=\"(max-width: 1386px) 100vw, 1386px\" title=\"\"><\/a>\t\t<\/div>\n\t\t\t\t\t\t\t\t<div class=\"wp-show-posts-entry-summary\" itemprop=\"text\">\n\t\t\t\t\t\t\t<p>Mivel az internet napjaink sz\u00fcks\u00e9gszer\u0171s\u00e9g\u00e9v\u00e9 v\u00e1lik, egyre nagyobb er\u0151fesz\u00edt\u00e9seket tesz arra, hogy megszabad\u00edtsa a szab\u00e1lyoz\u00f3 hat\u00f3s\u00e1gok \u00e9s a monopolisztikus technol\u00f3giai \u00f3ri\u00e1sok ellen\u0151rz\u00e9se al\u00f3l. Sok netez\u0151 \u00f3vakodik att\u00f3l a v\u00e1llalatt\u00f3l, amely&#8230;<\/p>\n\t\t\t\t\t\t<\/div><!-- .entry-summary -->\n\t\t\t\t\t<\/div><!-- wp-show-posts-inner --><\/article><div class=\"wpsp-clear\"><\/div><\/section><!-- .wp-show-posts --><\/div>\n\t\t\t\t\t\t<\/div>\n\t\t\t\t<\/div>\n\t\t\t\t\t<\/div>\n\t\t<\/div>\n\t\t\t\t\t<\/div>\n\t\t<\/section>\n\t\t\t\t<\/div>\n\t\t","protected":false},"excerpt":{"rendered":"<p>Szerver &#8211; IT Biztons\u00e1g cikkek<\/p>\n","protected":false},"author":5,"featured_media":0,"parent":0,"menu_order":0,"comment_status":"closed","ping_status":"closed","template":"","meta":{"content-type":"","footnotes":""},"class_list":["post-431","page","type-page","status-publish","hentry"],"_links":{"self":[{"href":"https:\/\/blog.sasfly.net\/index.php\/wp-json\/wp\/v2\/pages\/431","targetHints":{"allow":["GET"]}}],"collection":[{"href":"https:\/\/blog.sasfly.net\/index.php\/wp-json\/wp\/v2\/pages"}],"about":[{"href":"https:\/\/blog.sasfly.net\/index.php\/wp-json\/wp\/v2\/types\/page"}],"author":[{"embeddable":true,"href":"https:\/\/blog.sasfly.net\/index.php\/wp-json\/wp\/v2\/users\/5"}],"replies":[{"embeddable":true,"href":"https:\/\/blog.sasfly.net\/index.php\/wp-json\/wp\/v2\/comments?post=431"}],"version-history":[{"count":7,"href":"https:\/\/blog.sasfly.net\/index.php\/wp-json\/wp\/v2\/pages\/431\/revisions"}],"predecessor-version":[{"id":698,"href":"https:\/\/blog.sasfly.net\/index.php\/wp-json\/wp\/v2\/pages\/431\/revisions\/698"}],"wp:attachment":[{"href":"https:\/\/blog.sasfly.net\/index.php\/wp-json\/wp\/v2\/media?parent=431"}],"curies":[{"name":"wp","href":"https:\/\/api.w.org\/{rel}","templated":true}]}}