{"id":439,"date":"2022-02-22T14:02:40","date_gmt":"2022-02-22T14:02:40","guid":{"rendered":"https:\/\/blog.sasfly.net\/?page_id=439"},"modified":"2023-05-10T15:37:50","modified_gmt":"2023-05-10T15:37:50","slug":"cloud-felho","status":"publish","type":"page","link":"https:\/\/blog.sasfly.net\/index.php\/cloud-felho\/","title":{"rendered":"Cloud &#8211; Felh\u0151"},"content":{"rendered":"\t\t<div data-elementor-type=\"wp-page\" data-elementor-id=\"439\" class=\"elementor elementor-439\">\n\t\t\t\t\t\t<section class=\"elementor-section elementor-top-section elementor-element elementor-element-3de011f elementor-section-boxed elementor-section-height-default elementor-section-height-default\" data-id=\"3de011f\" data-element_type=\"section\" data-e-type=\"section\">\n\t\t\t\t\t\t<div class=\"elementor-container elementor-column-gap-default\">\n\t\t\t\t\t<div class=\"elementor-column elementor-col-100 elementor-top-column elementor-element elementor-element-95c7b99\" data-id=\"95c7b99\" data-element_type=\"column\" data-e-type=\"column\">\n\t\t\t<div class=\"elementor-widget-wrap elementor-element-populated\">\n\t\t\t\t\t\t<div class=\"elementor-element elementor-element-8e5d6a4 elementor-widget elementor-widget-heading\" data-id=\"8e5d6a4\" data-element_type=\"widget\" data-e-type=\"widget\" data-widget_type=\"heading.default\">\n\t\t\t\t<div class=\"elementor-widget-container\">\n\t\t\t\t\t<h2 class=\"elementor-heading-title elementor-size-default\">Cloud - Felh\u0151 cikkek<\/h2>\t\t\t\t<\/div>\n\t\t\t\t<\/div>\n\t\t\t\t<div class=\"elementor-element elementor-element-20ca651 elementor-widget elementor-widget-shortcode\" data-id=\"20ca651\" data-element_type=\"widget\" data-e-type=\"widget\" data-widget_type=\"shortcode.default\">\n\t\t\t\t<div class=\"elementor-widget-container\">\n\t\t\t\t\t\t\t<div class=\"elementor-shortcode\"><style>.wp-show-posts-columns#wpsp-438 {margin-left: -2em; }.wp-show-posts-columns#wpsp-438 .wp-show-posts-inner {margin: 0 0 2em 2em; }<\/style><section id=\"wpsp-438\" class=\" wp-show-posts-columns wp-show-posts\" style=\"\"><article class=\" wp-show-posts-single post-327 post type-post status-publish format-standard has-post-thumbnail hentry category-cloud-felho wpsp-col-6\" itemtype=\"http:\/\/schema.org\/CreativeWork\" itemscope><div class=\"wp-show-posts-inner\" style=\"\">\t\t\t\t\t\t<header class=\"wp-show-posts-entry-header\">\n\t\t\t\t\t\t\t<h2 class=\"wp-show-posts-entry-title\" itemprop=\"headline\"><a href=\"https:\/\/blog.sasfly.net\/index.php\/2022\/02\/17\/azure-veeam-a-nyero-paros\/\" rel=\"bookmark\">Azure + Veeam: a Nyer\u0151 P\u00e1ros<\/a><\/h2><div class=\"wp-show-posts-entry-meta wp-show-posts-entry-meta-below-title post-meta-inline\"><span class=\"wp-show-posts-posted-on wp-show-posts-meta\">\n\t\t\t\t\t<a href=\"https:\/\/blog.sasfly.net\/index.php\/2022\/02\/17\/azure-veeam-a-nyero-paros\/\" title=\"15:11\" rel=\"bookmark\"><time class=\"wp-show-posts-entry-date published\" datetime=\"2022-02-17T15:11:30+00:00\" itemprop=\"datePublished\">2022.02.17.<\/time><time class=\"wp-show-posts-updated\" datetime=\"2023-05-11T06:24:51+00:00\" itemprop=\"dateModified\">2023.05.11.<\/time><\/a>\n\t\t\t\t<\/span><\/div>\t\t\t\t\t\t<\/header><!-- .entry-header -->\n\t\t\t\t\t\t\t<div class=\"wp-show-posts-image  wpsp-image-center \">\n\t\t\t<a href=\"https:\/\/blog.sasfly.net\/index.php\/2022\/02\/17\/azure-veeam-a-nyero-paros\/\"  title=\"Azure + Veeam: a Nyer\u0151 P\u00e1ros\"><img fetchpriority=\"high\" decoding=\"async\" width=\"2134\" height=\"1065\" src=\"https:\/\/blog.sasfly.net\/wp-content\/uploads\/2022\/02\/image_azure-TW.jpg\" class=\"attachment-full size-full wp-post-image\" alt=\"\" itemprop=\"image\" srcset=\"https:\/\/blog.sasfly.net\/wp-content\/uploads\/2022\/02\/image_azure-TW.jpg 2134w, https:\/\/blog.sasfly.net\/wp-content\/uploads\/2022\/02\/image_azure-TW-300x150.jpg 300w, https:\/\/blog.sasfly.net\/wp-content\/uploads\/2022\/02\/image_azure-TW-1024x511.jpg 1024w, https:\/\/blog.sasfly.net\/wp-content\/uploads\/2022\/02\/image_azure-TW-768x383.jpg 768w, https:\/\/blog.sasfly.net\/wp-content\/uploads\/2022\/02\/image_azure-TW-1536x767.jpg 1536w, https:\/\/blog.sasfly.net\/wp-content\/uploads\/2022\/02\/image_azure-TW-2048x1022.jpg 2048w\" sizes=\"(max-width: 2134px) 100vw, 2134px\" title=\"\"><\/a>\t\t<\/div>\n\t\t\t\t\t\t\t\t<div class=\"wp-show-posts-entry-summary\" itemprop=\"text\">\n\t\t\t\t\t\t\t<p>A Veeam \u00e9s az Azure t\u00f6k\u00e9letes p\u00e1rost k\u00e9pvisel.Ha szeretn\u00e9 megtudni, hogy mi\u00e9rt \u00e9s hogyan hozhatja ki a maximumot ebb\u0151l a p\u00e1rosb\u00f3l, akkor kattintson r\u00e1 a lentebb tal\u00e1lhat\u00f3 gombra, \u00e9s olvassa&#8230;<\/p>\n\t\t\t\t\t\t<\/div><!-- .entry-summary -->\n\t\t\t\t\t<\/div><!-- wp-show-posts-inner --><\/article><article class=\" wp-show-posts-single post-316 post type-post status-publish format-standard has-post-thumbnail hentry category-cloud-felho wpsp-col-6\" itemtype=\"http:\/\/schema.org\/CreativeWork\" itemscope><div class=\"wp-show-posts-inner\" style=\"\">\t\t\t\t\t\t<header class=\"wp-show-posts-entry-header\">\n\t\t\t\t\t\t\t<h2 class=\"wp-show-posts-entry-title\" itemprop=\"headline\"><a href=\"https:\/\/blog.sasfly.net\/index.php\/2022\/02\/17\/biztonsagos-tavmunka-a-veeam-segitsegevel\/\" rel=\"bookmark\">Biztons\u00e1gos t\u00e1vmunka a Veeam seg\u00edts\u00e9g\u00e9vel<\/a><\/h2><div class=\"wp-show-posts-entry-meta wp-show-posts-entry-meta-below-title post-meta-inline\"><span class=\"wp-show-posts-posted-on wp-show-posts-meta\">\n\t\t\t\t\t<a href=\"https:\/\/blog.sasfly.net\/index.php\/2022\/02\/17\/biztonsagos-tavmunka-a-veeam-segitsegevel\/\" title=\"15:05\" rel=\"bookmark\"><time class=\"wp-show-posts-entry-date published\" datetime=\"2022-02-17T15:05:49+00:00\" itemprop=\"datePublished\">2022.02.17.<\/time><time class=\"wp-show-posts-updated\" datetime=\"2023-05-11T07:29:45+00:00\" itemprop=\"dateModified\">2023.05.11.<\/time><\/a>\n\t\t\t\t<\/span><\/div>\t\t\t\t\t\t<\/header><!-- .entry-header -->\n\t\t\t\t\t\t\t<div class=\"wp-show-posts-image  wpsp-image-center \">\n\t\t\t<a href=\"https:\/\/blog.sasfly.net\/index.php\/2022\/02\/17\/biztonsagos-tavmunka-a-veeam-segitsegevel\/\"  title=\"Biztons\u00e1gos t\u00e1vmunka a Veeam seg\u00edts\u00e9g\u00e9vel\"><img decoding=\"async\" width=\"2560\" height=\"1707\" src=\"https:\/\/blog.sasfly.net\/wp-content\/uploads\/2022\/02\/pexels-ivan-samkov-4458556-scaled.jpg\" class=\"attachment-full size-full wp-post-image\" alt=\"\" itemprop=\"image\" srcset=\"https:\/\/blog.sasfly.net\/wp-content\/uploads\/2022\/02\/pexels-ivan-samkov-4458556-scaled.jpg 2560w, https:\/\/blog.sasfly.net\/wp-content\/uploads\/2022\/02\/pexels-ivan-samkov-4458556-300x200.jpg 300w, https:\/\/blog.sasfly.net\/wp-content\/uploads\/2022\/02\/pexels-ivan-samkov-4458556-1024x683.jpg 1024w, https:\/\/blog.sasfly.net\/wp-content\/uploads\/2022\/02\/pexels-ivan-samkov-4458556-768x512.jpg 768w, https:\/\/blog.sasfly.net\/wp-content\/uploads\/2022\/02\/pexels-ivan-samkov-4458556-1536x1024.jpg 1536w, https:\/\/blog.sasfly.net\/wp-content\/uploads\/2022\/02\/pexels-ivan-samkov-4458556-2048x1365.jpg 2048w\" sizes=\"(max-width: 2560px) 100vw, 2560px\" title=\"\"><\/a>\t\t<\/div>\n\t\t\t\t\t\t\t\t<div class=\"wp-show-posts-entry-summary\" itemprop=\"text\">\n\t\t\t\t\t\t\t<p>A Veeam seg\u00edts\u00e9g\u00e9vel m\u00e9g a t\u00e1vmunk\u00e1ban v\u00e9gzett tev\u00e9kenys\u00e9gekr\u0151l is v\u00e9gezhet biztons\u00e1gi ment\u00e9seket. Ha szeretne megtudni r\u00f3la, hogy hgoyan haszn\u00e1lhatja a Veeam eszk\u00f6zeit t\u00e1vmunk\u00e1ban, akkor kattintson r\u00e1 a lentebb tal\u00e1lhat\u00f3 gombra&#8230;<\/p>\n\t\t\t\t\t\t<\/div><!-- .entry-summary -->\n\t\t\t\t\t<\/div><!-- wp-show-posts-inner --><\/article><article class=\" wp-show-posts-single post-297 post type-post status-publish format-standard has-post-thumbnail hentry category-cloud-felho wpsp-col-6\" itemtype=\"http:\/\/schema.org\/CreativeWork\" itemscope><div class=\"wp-show-posts-inner\" style=\"\">\t\t\t\t\t\t<header class=\"wp-show-posts-entry-header\">\n\t\t\t\t\t\t\t<h2 class=\"wp-show-posts-entry-title\" itemprop=\"headline\"><a href=\"https:\/\/blog.sasfly.net\/index.php\/2022\/02\/17\/https-www-sasfly-net-2021-08-11-igy-csokkentse-aws-koltsegeit-16-tipp\/\" rel=\"bookmark\">\u00cdgy cs\u00f6kkentse AWS k\u00f6lts\u00e9geit \u2013 16 tipp<\/a><\/h2><div class=\"wp-show-posts-entry-meta wp-show-posts-entry-meta-below-title post-meta-inline\"><span class=\"wp-show-posts-posted-on wp-show-posts-meta\">\n\t\t\t\t\t<a href=\"https:\/\/blog.sasfly.net\/index.php\/2022\/02\/17\/https-www-sasfly-net-2021-08-11-igy-csokkentse-aws-koltsegeit-16-tipp\/\" title=\"14:58\" rel=\"bookmark\"><time class=\"wp-show-posts-entry-date published\" datetime=\"2022-02-17T14:58:43+00:00\" itemprop=\"datePublished\">2022.02.17.<\/time><time class=\"wp-show-posts-updated\" datetime=\"2023-05-11T09:48:44+00:00\" itemprop=\"dateModified\">2023.05.11.<\/time><\/a>\n\t\t\t\t<\/span><\/div>\t\t\t\t\t\t<\/header><!-- .entry-header -->\n\t\t\t\t\t\t\t<div class=\"wp-show-posts-image  wpsp-image-center \">\n\t\t\t<a href=\"https:\/\/blog.sasfly.net\/index.php\/2022\/02\/17\/https-www-sasfly-net-2021-08-11-igy-csokkentse-aws-koltsegeit-16-tipp\/\"  title=\"\u00cdgy cs\u00f6kkentse AWS k\u00f6lts\u00e9geit \u2013 16 tipp\"><img decoding=\"async\" width=\"1200\" height=\"630\" src=\"https:\/\/blog.sasfly.net\/wp-content\/uploads\/2022\/02\/aws_logo_smile_1200x630.png\" class=\"attachment-full size-full wp-post-image\" alt=\"\" itemprop=\"image\" srcset=\"https:\/\/blog.sasfly.net\/wp-content\/uploads\/2022\/02\/aws_logo_smile_1200x630.png 1200w, https:\/\/blog.sasfly.net\/wp-content\/uploads\/2022\/02\/aws_logo_smile_1200x630-300x158.png 300w, https:\/\/blog.sasfly.net\/wp-content\/uploads\/2022\/02\/aws_logo_smile_1200x630-1024x538.png 1024w, https:\/\/blog.sasfly.net\/wp-content\/uploads\/2022\/02\/aws_logo_smile_1200x630-768x403.png 768w\" sizes=\"(max-width: 1200px) 100vw, 1200px\" title=\"\"><\/a>\t\t<\/div>\n\t\t\t\t\t\t\t\t<div class=\"wp-show-posts-entry-summary\" itemprop=\"text\">\n\t\t\t\t\t\t\t<p>Ha szeretn\u00e9 cs\u00f6kkenteni az AWS k\u00f6lts\u00e9geit, akkor a Veeam honlapj\u00e1n tal\u00e1lhat\u00f3 bejegyz\u00e9sb\u0151l remek tippeket kaphat r\u00e1. Ha el szeretn\u00e9 olvasni a teljes bejegyz\u00e9st, akkor kattintson r\u00e1 a lentebb tal\u00e1lhat\u00f3 gombra&#8230;.<\/p>\n\t\t\t\t\t\t<\/div><!-- .entry-summary -->\n\t\t\t\t\t<\/div><!-- wp-show-posts-inner --><\/article><div class=\"wpsp-clear\"><\/div><\/section><!-- .wp-show-posts --><\/div>\n\t\t\t\t\t\t<\/div>\n\t\t\t\t<\/div>\n\t\t\t\t\t<\/div>\n\t\t<\/div>\n\t\t\t\t\t<\/div>\n\t\t<\/section>\n\t\t\t\t<\/div>\n\t\t","protected":false},"excerpt":{"rendered":"<p>Cloud &#8211; Felh\u0151 cikkek<\/p>\n","protected":false},"author":5,"featured_media":0,"parent":0,"menu_order":0,"comment_status":"closed","ping_status":"closed","template":"","meta":{"content-type":"","footnotes":""},"class_list":["post-439","page","type-page","status-publish","hentry"],"_links":{"self":[{"href":"https:\/\/blog.sasfly.net\/index.php\/wp-json\/wp\/v2\/pages\/439","targetHints":{"allow":["GET"]}}],"collection":[{"href":"https:\/\/blog.sasfly.net\/index.php\/wp-json\/wp\/v2\/pages"}],"about":[{"href":"https:\/\/blog.sasfly.net\/index.php\/wp-json\/wp\/v2\/types\/page"}],"author":[{"embeddable":true,"href":"https:\/\/blog.sasfly.net\/index.php\/wp-json\/wp\/v2\/users\/5"}],"replies":[{"embeddable":true,"href":"https:\/\/blog.sasfly.net\/index.php\/wp-json\/wp\/v2\/comments?post=439"}],"version-history":[{"count":7,"href":"https:\/\/blog.sasfly.net\/index.php\/wp-json\/wp\/v2\/pages\/439\/revisions"}],"predecessor-version":[{"id":702,"href":"https:\/\/blog.sasfly.net\/index.php\/wp-json\/wp\/v2\/pages\/439\/revisions\/702"}],"wp:attachment":[{"href":"https:\/\/blog.sasfly.net\/index.php\/wp-json\/wp\/v2\/media?parent=439"}],"curies":[{"name":"wp","href":"https:\/\/api.w.org\/{rel}","templated":true}]}}